{"id":1141,"date":"2016-01-17T07:21:37","date_gmt":"2016-01-17T06:21:37","guid":{"rendered":"http:\/\/femarburg.de\/?page_id=1141"},"modified":"2016-01-17T07:23:50","modified_gmt":"2016-01-17T06:23:50","slug":"bionote-christin-stracke","status":"publish","type":"page","link":"http:\/\/femarburg.de\/?page_id=1141","title":{"rendered":"Bio*note Christin Stracke"},"content":{"rendered":"<p>Christin Stracke hat im Fr\u00fchjahr 2014 ihr Erstes Staatsexamen f\u00fcr das Lehramt an Gymnasien mit den F\u00e4chern Anglistik\/Amerikanistik, Germanistik und Erziehungswissenschaften an der Philipps-Universit\u00e4t Marburg abgelegt.<\/p>\n<p>Im Rahmen ihres Studiums hat sie am Lehrstuhl u.A. die \u00dcbung zur Einf\u00fchrungsveranstaltung \u201eAn Introduction to Anglophone Literatures and Cultures\u201c und ein Tutorium f\u00fcr amerikanische Austauschstudenten des <em>International Undergraduate Study Program<\/em> geleitet.<\/p>\n<p>Seit November 2014 unterrichtet sie als Referendarin an einem K\u00f6lner Gymnasium die F\u00e4cher Deutsch und Englisch.<\/p>\n","protected":false},"excerpt":{"rendered":"<p>Christin Stracke hat im Fr\u00fchjahr 2014 ihr Erstes Staatsexamen f\u00fcr das Lehramt an Gymnasien mit den F\u00e4chern Anglistik\/Amerikanistik, Germanistik und Erziehungswissenschaften an der Philipps-Universit\u00e4t Marburg abgelegt. Im Rahmen ihres Studiums hat sie am Lehrstuhl u.A. die \u00dcbung zur Einf\u00fchrungsveranstaltung \u201eAn Introduction to Anglophone Literatures and Cultures\u201c und ein Tutorium f\u00fcr amerikanische Austauschstudenten des International Undergraduate [&hellip;]<\/p>\n","protected":false},"author":5,"featured_media":0,"parent":458,"menu_order":0,"comment_status":"closed","ping_status":"closed","template":"","meta":[],"_links":{"self":[{"href":"http:\/\/femarburg.de\/index.php?rest_route=\/wp\/v2\/pages\/1141"}],"collection":[{"href":"http:\/\/femarburg.de\/index.php?rest_route=\/wp\/v2\/pages"}],"about":[{"href":"http:\/\/femarburg.de\/index.php?rest_route=\/wp\/v2\/types\/page"}],"author":[{"embeddable":true,"href":"http:\/\/femarburg.de\/index.php?rest_route=\/wp\/v2\/users\/5"}],"replies":[{"embeddable":true,"href":"http:\/\/femarburg.de\/index.php?rest_route=%2Fwp%2Fv2%2Fcomments&post=1141"}],"version-history":[{"count":2,"href":"http:\/\/femarburg.de\/index.php?rest_route=\/wp\/v2\/pages\/1141\/revisions"}],"predecessor-version":[{"id":1144,"href":"http:\/\/femarburg.de\/index.php?rest_route=\/wp\/v2\/pages\/1141\/revisions\/1144"}],"up":[{"embeddable":true,"href":"http:\/\/femarburg.de\/index.php?rest_route=\/wp\/v2\/pages\/458"}],"wp:attachment":[{"href":"http:\/\/femarburg.de\/index.php?rest_route=%2Fwp%2Fv2%2Fmedia&parent=1141"}],"curies":[{"name":"wp","href":"https:\/\/api.w.org\/{rel}","templated":true}]}}