{"id":1266,"date":"2017-08-08T12:51:40","date_gmt":"2017-08-08T10:51:40","guid":{"rendered":"http:\/\/femarburg.de\/?page_id=1266"},"modified":"2017-08-08T12:54:35","modified_gmt":"2017-08-08T10:54:35","slug":"bionote-vanessa-lindner","status":"publish","type":"page","link":"http:\/\/femarburg.de\/?page_id=1266","title":{"rendered":"Bio*note Vanessa Lindner"},"content":{"rendered":"<p>Nach ihrem Bachelorstudium der Medienwissenschaft an der Phillips-Universit\u00e4t Marburg schlie\u00dft Vanessa Lindner den Masterstudiengang Medien und kulturelle Praxis an derselben Universit\u00e4t an. Durch beide Studieng\u00e4nge zieht sich der thematische Schwerpunkt von genderspezifischen K\u00f6rperpraktiken und \u2013Idealen in virtuellen R\u00e4umen des Internets sowie in Fernsehformaten.<\/p>\n<p>W\u00e4hrend ihres Studiums arbeitet Vanessa Lindner in verschiedenen Bereichen der Kinder- und Jugendarbeit. Seit 2016 fokussiert sie ihre T\u00e4tigkeit mehr auf medienp\u00e4dagogische Projekte.<\/p>\n","protected":false},"excerpt":{"rendered":"<p>Nach ihrem Bachelorstudium der Medienwissenschaft an der Phillips-Universit\u00e4t Marburg schlie\u00dft Vanessa Lindner den Masterstudiengang Medien und kulturelle Praxis an derselben Universit\u00e4t an. Durch beide Studieng\u00e4nge zieht sich der thematische Schwerpunkt von genderspezifischen K\u00f6rperpraktiken und \u2013Idealen in virtuellen R\u00e4umen des Internets sowie in Fernsehformaten. W\u00e4hrend ihres Studiums arbeitet Vanessa Lindner in verschiedenen Bereichen der Kinder- und [&hellip;]<\/p>\n","protected":false},"author":5,"featured_media":0,"parent":458,"menu_order":0,"comment_status":"closed","ping_status":"closed","template":"","meta":[],"_links":{"self":[{"href":"http:\/\/femarburg.de\/index.php?rest_route=\/wp\/v2\/pages\/1266"}],"collection":[{"href":"http:\/\/femarburg.de\/index.php?rest_route=\/wp\/v2\/pages"}],"about":[{"href":"http:\/\/femarburg.de\/index.php?rest_route=\/wp\/v2\/types\/page"}],"author":[{"embeddable":true,"href":"http:\/\/femarburg.de\/index.php?rest_route=\/wp\/v2\/users\/5"}],"replies":[{"embeddable":true,"href":"http:\/\/femarburg.de\/index.php?rest_route=%2Fwp%2Fv2%2Fcomments&post=1266"}],"version-history":[{"count":2,"href":"http:\/\/femarburg.de\/index.php?rest_route=\/wp\/v2\/pages\/1266\/revisions"}],"predecessor-version":[{"id":1270,"href":"http:\/\/femarburg.de\/index.php?rest_route=\/wp\/v2\/pages\/1266\/revisions\/1270"}],"up":[{"embeddable":true,"href":"http:\/\/femarburg.de\/index.php?rest_route=\/wp\/v2\/pages\/458"}],"wp:attachment":[{"href":"http:\/\/femarburg.de\/index.php?rest_route=%2Fwp%2Fv2%2Fmedia&parent=1266"}],"curies":[{"name":"wp","href":"https:\/\/api.w.org\/{rel}","templated":true}]}}