{"id":1365,"date":"2019-07-19T19:43:19","date_gmt":"2019-07-19T17:43:19","guid":{"rendered":"http:\/\/femarburg.de\/?page_id=1365"},"modified":"2021-04-27T11:14:33","modified_gmt":"2021-04-27T09:14:33","slug":"bildungs-und-forschung","status":"publish","type":"page","link":"http:\/\/femarburg.de\/?page_id=1365","title":{"rendered":"Bildung und Forschung"},"content":{"rendered":"<h2>Einrichtungen aus Bildung und Forschung<\/h2>\n<p>\u00a0<\/p>\n<h3><strong><a href=\"http:\/\/www.uni-marburg.de\/genderzukunft\" target=\"_blank\" rel=\"noopener\">Zentrum f\u00fcr Gender Studie und feministische Zukunftsforschung<\/a><\/strong><\/h3>\n<p>Das Zentrum f\u00fcr Gender Studies und feministische Zukunftsforschung ist eine zentrale wissenschaftliche Einrichtung der Philipps-Universit\u00e4t Marburg.<\/p>\n<p>\u00a0<\/p>\n<h3><a href=\"http:\/\/www.frauenkunstgeschichte.de\/\" target=\"_blank\" rel=\"noopener\"><strong>FrauenKunstGeschichte e.V.<\/strong><\/a><\/h3>\n<p>Die FrauenKunstGeschichte engagiert sich im Bereich feministische Forschung und Bildung.<\/p>\n<p>Sie macht durch unterschiedliche Veranstaltungen den Anteil von Frauen in Kunst und Kultur sichtbar.<\/p>\n<p>\u00a0<\/p>\n<h3><strong><a href=\"http:\/\/www.fem-archiv-marburg.de\/\" target=\"_blank\" rel=\"noopener\">Intersektionales Black-PoC Feministisches Archiv Marburg<\/a><\/strong><\/h3>\n<p>Das\u00a0Intersektionales Black-People of Colour Feministisches Archiv Marburg ist ein feministisch und herrschaftskritischer Dokumentations- und Wissen(schafts-)Raum organisiert durch durch ein Betroffenen-Kollektiv aus Black People und People of Colour.<em><br \/><\/em><\/p>\n<p>\u00a0<\/p>\n<h3><a href=\"http:\/\/www.addf-kassel.de\/\" target=\"_blank\" rel=\"noopener\"><strong>Archiv der deutschen Frauenbewegung in Kassel<\/strong><\/a><\/h3>\n<p>Die Stiftung unterh\u00e4lt ein Archiv\/ Spezialbibliothek zur Geschichte von Frauen und Frauenbewegungen ab 1800. Neben regelm\u00e4\u00dfig Vortr\u00e4ge, Lesungen, Konzerte und Ausstellungen, um wird sich um das Vorantreiben eigener Forschungen bem\u00fcht.<\/p>\n<p>\u00a0<\/p>\n<h3><strong><a href=\"http:\/\/www.frauenbibliothek-mainz.de\/\" target=\"_blank\" rel=\"noopener\">Frauenbibliothek Mainz<\/a><\/strong><\/h3>\n<p>Eine studentisch organisiert und verwaltete AG des autonomen\u00a0 AStA AlleFrauenreferats der Uni Mainz. \u00d6ffnungszeiten, Ausleihe und Beratung: Mo-Do 12.oo-16.oo \/ Di 12.oo-19.oo<\/p>\n<p>\u00a0<\/p>\n<h3><strong><a href=\"https:\/\/www.gender-ekd.de\/\">Studienzentrum der EKD f\u00fcr Genderfragen<\/a><\/strong><\/h3>\n<p>Studienzentrum f\u00fcr Genderfragen in Kirche und Theologie der Evangelischen Kirche Deutschland<\/p>\n<p>\u00a0<\/p>\n<h3><a href=\"https:\/\/www.gwi-boell.de\/de\"><strong>Gunda Werner Institut\u00a0<\/strong><\/a><\/h3>\n<p>Gunda-Werner-Institut f\u00fcr Feminismus und Geschlechterdemokratie der Heinrich-B\u00f6ll-Stiftung<\/p>\n<p>\u00a0<\/p>\n<hr \/>\n<h2>Feministische Lexika, Glossare und Portale<\/h2>\n<p>Kurze Definitionen von tragenden Ideen und Konzepten der Frauenbewegung und Geschlechterpolitik und -theorie sind immer umk\u00e4mpft\u00a0von\u00a0verschiedenen Str\u00f6mungen im Feminismus und deshalb mit Bedacht zu lesen und in ihrer gesellschaftlichen Dynamik zu begreifen. Dennoch k\u00f6nnen Einf\u00fchrungen in Begrifflichkeiten hilfreich sein, um einen Einstieg in feministische Forderungen und Fragestellungen zu finden. Hier einige\u00a0Verlinkungen zu feministischen Lexika, Glossaren und Portalen, die als Einstieg in zentrale Konzepte und Ideen des Feminismus dienen k\u00f6nnen.<\/p>\n<p>\u00a0<\/p>\n<h3><strong><a href=\"http:\/\/www.genderwiki.de\/\" target=\"_blank\" rel=\"noopener\">Genderwiki<\/a><\/strong><\/h3>\n<p>Was Fachwiki der Frauen- und Geschlechterforschung im deutschsprachigen Raum.<\/p>\n<p>\u00a0<\/p>\n<h3><a href=\"http:\/\/maedchenmannschaft.net\/das-feministische-lexikon\/\" target=\"_blank\" rel=\"noopener\"><strong>Das feministische Lexikon<\/strong><\/a><\/h3>\n<p>Perspektiven auf feministische Begriffe von dem Blog M\u00e4dchenmannschaft.<\/p>\n<p>\u00a0<\/p>\n<h3><strong><a href=\"http:\/\/www.frauenwiki-dresden.de\/index.php\/Hauptseite\" target=\"_blank\" rel=\"noopener\">Frauenwiki<\/a><\/strong><\/h3>\n<p>Schwerpunkt regionale Frauengeschichte. W\u00fcrdigung f\u00fcr Frauen, die f\u00fcr Wikipedia als \u201enicht-relevant&#8220; eingestuft werden.<\/p>\n<p>\u00a0<\/p>\n<h3><strong><a href=\"https:\/\/www.genderopen.de\/\" target=\"_blank\" rel=\"noopener\">GenderOpen<\/a><\/strong><\/h3>\n<p>Das<em> GenderOpen<\/em>-Projekt bietet eine Vielzahl von Ver\u00f6ffentlichungen aus der Geschlechterforschung als Open Access-Publikationen an einem zentralen Ort.\u00a0\u00a0<\/p>\n<p>\u00a0<\/p>\n<h3><a href=\"http:\/\/www.philosophinnen.de\/lexikon.htm\" target=\"_blank\" rel=\"noopener\"><strong>Lexikon der Philosophinnen<\/strong><\/a><strong>\u00a0<\/strong>\u00a0<strong>\u00a0<\/strong><\/h3>\n<p>Auf dieser Seite\u00a0die zur Zeit bekannten Philosophinnen in alphabetischer Reihenfolge zu finden.<\/p>\n<p>\u00a0<\/p>\n<h3><a href=\"http:\/\/www.uni-bielefeld.de\/gendertexte\/chronik.html\" target=\"_blank\" rel=\"noopener\"><strong>Geschichte der Gleichstellung<\/strong><\/a><\/h3>\n<p>Chronik der Uni Bielefeld<\/p>\n<p>\u00a0<\/p>\n<h3><a href=\"http:\/\/www.uni-bielefeld.de\/gendertexte\/geschichte_der_frauenbewegung.html\" target=\"_blank\" rel=\"noopener\"><strong>Geschichte der Frauenbewegung<\/strong><\/a><\/h3>\n<p>Einf\u00fchrung der Uni Bielefeld<\/p>\n<p>\u00a0<\/p>\n<h3><strong><a href=\"http:\/\/portal-intersektionalitaet.de\/startseite\/\" target=\"_blank\" rel=\"noopener\">Portal Intersektionalit\u00e4t<\/a><\/strong><\/h3>\n<p>Forschungsplattform und Praxisforum f\u00fcr Intersektionalit\u00e4t und Interdependenzen.<\/p>\n<p>\u00a0<\/p>\n<h3><strong><a href=\"http:\/\/www.stiftung-frauenforschung.de\/\">Deutsche Stiftung Frauen- und Geschlechterforschung<\/a><\/strong><\/h3>\n<p>Stiftung, die unterschiedlichste feministische Projekte ideel, mit women-power oder auch finanziell unterst\u00fctzt.<\/p>\n<p>\u00a0<\/p>\n\n\n<p><\/p>\n","protected":false},"excerpt":{"rendered":"<p>Einrichtungen aus Bildung und Forschung \u00a0 Zentrum f\u00fcr Gender Studie und feministische Zukunftsforschung Das Zentrum f\u00fcr Gender Studies und feministische Zukunftsforschung ist eine zentrale wissenschaftliche Einrichtung der Philipps-Universit\u00e4t Marburg. \u00a0 FrauenKunstGeschichte e.V. Die FrauenKunstGeschichte engagiert sich im Bereich feministische Forschung und Bildung. Sie macht durch unterschiedliche Veranstaltungen den Anteil von Frauen in Kunst und Kultur [&hellip;]<\/p>\n","protected":false},"author":12,"featured_media":0,"parent":0,"menu_order":0,"comment_status":"closed","ping_status":"closed","template":"","meta":[],"_links":{"self":[{"href":"http:\/\/femarburg.de\/index.php?rest_route=\/wp\/v2\/pages\/1365"}],"collection":[{"href":"http:\/\/femarburg.de\/index.php?rest_route=\/wp\/v2\/pages"}],"about":[{"href":"http:\/\/femarburg.de\/index.php?rest_route=\/wp\/v2\/types\/page"}],"author":[{"embeddable":true,"href":"http:\/\/femarburg.de\/index.php?rest_route=\/wp\/v2\/users\/12"}],"replies":[{"embeddable":true,"href":"http:\/\/femarburg.de\/index.php?rest_route=%2Fwp%2Fv2%2Fcomments&post=1365"}],"version-history":[{"count":11,"href":"http:\/\/femarburg.de\/index.php?rest_route=\/wp\/v2\/pages\/1365\/revisions"}],"predecessor-version":[{"id":1940,"href":"http:\/\/femarburg.de\/index.php?rest_route=\/wp\/v2\/pages\/1365\/revisions\/1940"}],"wp:attachment":[{"href":"http:\/\/femarburg.de\/index.php?rest_route=%2Fwp%2Fv2%2Fmedia&parent=1365"}],"curies":[{"name":"wp","href":"https:\/\/api.w.org\/{rel}","templated":true}]}}