{"id":204,"date":"2013-08-06T16:37:52","date_gmt":"2013-08-06T14:37:52","guid":{"rendered":"http:\/\/femarburg.de\/?page_id=204"},"modified":"2019-08-28T03:15:06","modified_gmt":"2019-08-28T01:15:06","slug":"was-gibts-hier-und-wieso","status":"publish","type":"page","link":"http:\/\/femarburg.de\/?page_id=204","title":{"rendered":"Wir \u00fcber uns"},"content":{"rendered":"<h2>Was gibt\u2019s hier und wieso?<\/h2>\n<p>Die \u201efeministische Plattform Marburg\u201c tr\u00e4gt feministische Debatten weiter in die \u00d6ffentlichkeit und bietet Ankn\u00fcpfungspunkte f\u00fcr verschiedene Akteur_innen und Kontexte \u2013 eine Br\u00fccke zwischen Theorie und Praxis.<\/p>\n<p>Als eine geschlechterkritische Gegen\u00f6ffentlichkeit wollen wir einen Raum f\u00fcr Reflexion und Austausch schaffen &#8211; Voraussetzungen f\u00fcr Sensibilisierung und gesellschaftliche Ver\u00e4nderungen. Nicht zuletzt freuen wir uns \u00fcber euer Interesse und eure Beteiligung. Deswegen findet ihr hier:<\/p>\n<h3><a href=\"http:\/\/femarburg.de\/?cat=3\">Aktuelle Diskussionen<\/a><\/h3>\n<p>Wir streben eine kritische Auseinandersetzung und Dokumentation von geschlechterpolitischen Debatten und Kontroversen an: ob zur Diversity-Debatte, zur Frauenquote, Sexualit\u00e4t, Frauenf\u00f6rderung, Gleichstellung, Intersektionalit\u00e4t &#8230; Diese aktuellen Themen wollen wir aufgreifen und uns mithilfe von Positionspapieren, Kommentaren, Aktionsideen und vielem mehr einmischen.<\/p>\n<h3><a href=\"http:\/\/femarburg.de\/?page_id=9\">Abschlussarbeiten<\/a><\/h3>\n<p>Mit dem Ver\u00f6ffentlichen von Abschlussarbeiten soll Nachwuchswissenschaftler_innen die M\u00f6glichkeit gegeben werden, in die breitere Auseinandersetzung mit feministischen und geschlechterpolitischen Fragestellungen einzusteigen und diese zu bereichern.<\/p>\n<h3><a href=\"http:\/\/femarburg.de\/?page_id=11\">Vernetzung\/Verlinkung<\/a><\/h3>\n<p>Ihr findet au\u00dferdem Informationen und eine \u00dcbersicht \u00fcber Gruppen und Institutionen in der Region, die geschlechterpolitisch und\/oder feministisch aktiv sind.<br \/>\nMit der Verlinkung von feministischen Lexika, Glossaren und Portalen regen wir zu einer Wissensaneignung und Auseinandersetzung an \u2013 als Einstieg in zentrale feministische Konzepte und Ideen.<\/p>\n<h3><a href=\"http:\/\/femarburg.de\/?page_id=30\">Veranstaltungshinweise<\/a><\/h3>\n<p>Mit einem Terminkalender b\u00fcndeln wir Verantaltungstipps in und um Marburg und machen diese einer breiteren \u00d6ffentlichkeit bekannt. Wir erhoffen uns dadurch Vernetzungen, die Raum f\u00fcr B\u00fcndnisse und Solidarit\u00e4t untereinander schaffen.<\/p>\n","protected":false},"excerpt":{"rendered":"<p>Was gibt\u2019s hier und wieso? Die \u201efeministische Plattform Marburg\u201c tr\u00e4gt feministische Debatten weiter in die \u00d6ffentlichkeit und bietet Ankn\u00fcpfungspunkte f\u00fcr verschiedene Akteur_innen und Kontexte \u2013 eine Br\u00fccke zwischen Theorie und Praxis. Als eine geschlechterkritische Gegen\u00f6ffentlichkeit wollen wir einen Raum f\u00fcr Reflexion und Austausch schaffen &#8211; Voraussetzungen f\u00fcr Sensibilisierung und gesellschaftliche Ver\u00e4nderungen. Nicht zuletzt freuen wir [&hellip;]<\/p>\n","protected":false},"author":1,"featured_media":0,"parent":0,"menu_order":0,"comment_status":"open","ping_status":"open","template":"","meta":[],"_links":{"self":[{"href":"http:\/\/femarburg.de\/index.php?rest_route=\/wp\/v2\/pages\/204"}],"collection":[{"href":"http:\/\/femarburg.de\/index.php?rest_route=\/wp\/v2\/pages"}],"about":[{"href":"http:\/\/femarburg.de\/index.php?rest_route=\/wp\/v2\/types\/page"}],"author":[{"embeddable":true,"href":"http:\/\/femarburg.de\/index.php?rest_route=\/wp\/v2\/users\/1"}],"replies":[{"embeddable":true,"href":"http:\/\/femarburg.de\/index.php?rest_route=%2Fwp%2Fv2%2Fcomments&post=204"}],"version-history":[{"count":6,"href":"http:\/\/femarburg.de\/index.php?rest_route=\/wp\/v2\/pages\/204\/revisions"}],"predecessor-version":[{"id":1439,"href":"http:\/\/femarburg.de\/index.php?rest_route=\/wp\/v2\/pages\/204\/revisions\/1439"}],"wp:attachment":[{"href":"http:\/\/femarburg.de\/index.php?rest_route=%2Fwp%2Fv2%2Fmedia&parent=204"}],"curies":[{"name":"wp","href":"https:\/\/api.w.org\/{rel}","templated":true}]}}