{"id":649,"date":"2014-02-09T06:29:14","date_gmt":"2014-02-09T05:29:14","guid":{"rendered":"http:\/\/femarburg.de\/?page_id=649"},"modified":"2014-02-09T06:29:14","modified_gmt":"2014-02-09T05:29:14","slug":"abstract-zur-arbeit-von-stefanie-jaeger","status":"publish","type":"page","link":"http:\/\/femarburg.de\/?page_id=649","title":{"rendered":"Abstract zur Arbeit von Stefanie J\u00e4ger"},"content":{"rendered":"<p>Die Arbeit untersucht die familiale Arbeitsteilung in heterosexuellen Paarbeziehungen mit Kleinkindern. Die zentrale Fragestellung lautet: Wie erfolgt die Aufteilung der Familien und Hausarbeit zwischen den Elternteilen und wie werden die jeweiligen Arrangements begr\u00fcndet? Vor dem Hintergrund eines breiten gesellschaftlichen Diskurses um Gleichberechtigung schlie\u00dft sich au\u00dferdem die Frage nach der individuellen Verinnerlichung bzw. der alltagspraktischen Umsetzung des Gleichheitsgedankens in Bezug auf die Reproduktionsarbeit an.<\/p>\n<p>Sechs Elternteile wurden zu ihren individuellen Arrangements bez\u00fcglich der Aufteilung von Sorgearbeit und Hausarbeit in Leitfaden gest\u00fctzten Interviews befragt und diese mittels hermeneutischer Interpretation ausgewertet.<\/p>\n<p>Zusammenfassend l\u00e4sst sich nach wie vor eine starke Persistenz traditioneller Geschlechterrollen in Bezug auf die Arbeitsteilung im Haushalt feststellen. Hinsichtlich der Familienarbeit sorgt dabei vor allem das Leitbild der \u201eguten Mutter\u201c nach wie vor f\u00fcr eine \u00fcberproportionale Belastung auf Seiten der Frauen.<\/p>\n","protected":false},"excerpt":{"rendered":"<p>Die Arbeit untersucht die familiale Arbeitsteilung in heterosexuellen Paarbeziehungen mit Kleinkindern. Die zentrale Fragestellung lautet: Wie erfolgt die Aufteilung der Familien und Hausarbeit zwischen den Elternteilen und wie werden die jeweiligen Arrangements begr\u00fcndet? Vor dem Hintergrund eines breiten gesellschaftlichen Diskurses um Gleichberechtigung schlie\u00dft sich au\u00dferdem die Frage nach der individuellen Verinnerlichung bzw. der alltagspraktischen Umsetzung [&hellip;]<\/p>\n","protected":false},"author":5,"featured_media":0,"parent":458,"menu_order":0,"comment_status":"closed","ping_status":"open","template":"","meta":[],"_links":{"self":[{"href":"http:\/\/femarburg.de\/index.php?rest_route=\/wp\/v2\/pages\/649"}],"collection":[{"href":"http:\/\/femarburg.de\/index.php?rest_route=\/wp\/v2\/pages"}],"about":[{"href":"http:\/\/femarburg.de\/index.php?rest_route=\/wp\/v2\/types\/page"}],"author":[{"embeddable":true,"href":"http:\/\/femarburg.de\/index.php?rest_route=\/wp\/v2\/users\/5"}],"replies":[{"embeddable":true,"href":"http:\/\/femarburg.de\/index.php?rest_route=%2Fwp%2Fv2%2Fcomments&post=649"}],"version-history":[{"count":1,"href":"http:\/\/femarburg.de\/index.php?rest_route=\/wp\/v2\/pages\/649\/revisions"}],"predecessor-version":[{"id":650,"href":"http:\/\/femarburg.de\/index.php?rest_route=\/wp\/v2\/pages\/649\/revisions\/650"}],"up":[{"embeddable":true,"href":"http:\/\/femarburg.de\/index.php?rest_route=\/wp\/v2\/pages\/458"}],"wp:attachment":[{"href":"http:\/\/femarburg.de\/index.php?rest_route=%2Fwp%2Fv2%2Fmedia&parent=649"}],"curies":[{"name":"wp","href":"https:\/\/api.w.org\/{rel}","templated":true}]}}