{"id":652,"date":"2014-02-09T06:31:58","date_gmt":"2014-02-09T05:31:58","guid":{"rendered":"http:\/\/femarburg.de\/?page_id=652"},"modified":"2014-02-09T06:31:58","modified_gmt":"2014-02-09T05:31:58","slug":"bionote-stefanie-jaeger","status":"publish","type":"page","link":"http:\/\/femarburg.de\/?page_id=652","title":{"rendered":"Bio*note Stefanie J\u00e4ger"},"content":{"rendered":"<p>Stefanie J\u00e4ger hat in Marburg Europ\u00e4ische Ethnologie mit den Nebenf\u00e4chern Soziologie und Friedens- und Konfliktforschung studiert.<\/p>\n<p>Derzeit ist sie als wissenschaftliche Hilfskraft am Lehrstuhl f\u00fcr Politik und Geschlechterverh\u00e4ltnisse (Prof. Dr. Annette Henninger) der Philipps- Universit\u00e4t Marburg besch\u00e4ftigt und strebt ein Dissertationsprojekt zum Thema Feminismus und Mutterschaft an.<\/p>\n","protected":false},"excerpt":{"rendered":"<p>Stefanie J\u00e4ger hat in Marburg Europ\u00e4ische Ethnologie mit den Nebenf\u00e4chern Soziologie und Friedens- und Konfliktforschung studiert. Derzeit ist sie als wissenschaftliche Hilfskraft am Lehrstuhl f\u00fcr Politik und Geschlechterverh\u00e4ltnisse (Prof. Dr. Annette Henninger) der Philipps- Universit\u00e4t Marburg besch\u00e4ftigt und strebt ein Dissertationsprojekt zum Thema Feminismus und Mutterschaft an.<\/p>\n","protected":false},"author":5,"featured_media":0,"parent":458,"menu_order":0,"comment_status":"closed","ping_status":"open","template":"","meta":[],"_links":{"self":[{"href":"http:\/\/femarburg.de\/index.php?rest_route=\/wp\/v2\/pages\/652"}],"collection":[{"href":"http:\/\/femarburg.de\/index.php?rest_route=\/wp\/v2\/pages"}],"about":[{"href":"http:\/\/femarburg.de\/index.php?rest_route=\/wp\/v2\/types\/page"}],"author":[{"embeddable":true,"href":"http:\/\/femarburg.de\/index.php?rest_route=\/wp\/v2\/users\/5"}],"replies":[{"embeddable":true,"href":"http:\/\/femarburg.de\/index.php?rest_route=%2Fwp%2Fv2%2Fcomments&post=652"}],"version-history":[{"count":1,"href":"http:\/\/femarburg.de\/index.php?rest_route=\/wp\/v2\/pages\/652\/revisions"}],"predecessor-version":[{"id":653,"href":"http:\/\/femarburg.de\/index.php?rest_route=\/wp\/v2\/pages\/652\/revisions\/653"}],"up":[{"embeddable":true,"href":"http:\/\/femarburg.de\/index.php?rest_route=\/wp\/v2\/pages\/458"}],"wp:attachment":[{"href":"http:\/\/femarburg.de\/index.php?rest_route=%2Fwp%2Fv2%2Fmedia&parent=652"}],"curies":[{"name":"wp","href":"https:\/\/api.w.org\/{rel}","templated":true}]}}