{"id":682,"date":"2014-02-20T09:28:14","date_gmt":"2014-02-20T08:28:14","guid":{"rendered":"http:\/\/femarburg.de\/?page_id=682"},"modified":"2014-02-20T09:28:14","modified_gmt":"2014-02-20T08:28:14","slug":"abstract-zur-arbeit-von-paula-achenbach","status":"publish","type":"page","link":"http:\/\/femarburg.de\/?page_id=682","title":{"rendered":"Abstract zur Arbeit von Paula Achenbach"},"content":{"rendered":"<p><strong>Abstract zur Arbeit von Paula Achenbach<\/strong><\/p>\n<p>Ziel dieser Bachelorarbeit ist es, Prozesse der Rassifizierung von K\u00f6rpern, der Einschreibung von Differenzen in K\u00f6rper und damit verbundene Zuschreibungen, die Ein- und Ausschl\u00fcsse erzeugen, zu untersuchen. Rassifizierung stellt einen ideologischen, historisch spezifischen und dialektischen Prozess der Bedeutungskonstruktion dar, innerhalb dessen K\u00f6rper als \u201eanders\u201c markiert werden, w\u00e4hrend bestimmte K\u00f6rper unmarkiert und als Norm erscheinen. Deutlich wird, dass Prozesse der Rassifizierung mit Prozessen der Sexualisierung verkn\u00fcpft sind. Innerhalb der Analyse von Rassifizierungsprozessen gehe ich in historischer Perspektive der Konstruktion von \u201eRasse\u201c und rassifizierten K\u00f6rpern im deutschen Kolonialismus nach und beschreibe Kontinuit\u00e4ten von Rassifizierung und Wirkm\u00e4chtigkeiten innerhalb des allt\u00e4glichen Rassismus in Deutschland.<\/p>\n","protected":false},"excerpt":{"rendered":"<p>Abstract zur Arbeit von Paula Achenbach Ziel dieser Bachelorarbeit ist es, Prozesse der Rassifizierung von K\u00f6rpern, der Einschreibung von Differenzen in K\u00f6rper und damit verbundene Zuschreibungen, die Ein- und Ausschl\u00fcsse erzeugen, zu untersuchen. Rassifizierung stellt einen ideologischen, historisch spezifischen und dialektischen Prozess der Bedeutungskonstruktion dar, innerhalb dessen K\u00f6rper als \u201eanders\u201c markiert werden, w\u00e4hrend bestimmte K\u00f6rper [&hellip;]<\/p>\n","protected":false},"author":5,"featured_media":0,"parent":458,"menu_order":0,"comment_status":"closed","ping_status":"open","template":"","meta":[],"_links":{"self":[{"href":"http:\/\/femarburg.de\/index.php?rest_route=\/wp\/v2\/pages\/682"}],"collection":[{"href":"http:\/\/femarburg.de\/index.php?rest_route=\/wp\/v2\/pages"}],"about":[{"href":"http:\/\/femarburg.de\/index.php?rest_route=\/wp\/v2\/types\/page"}],"author":[{"embeddable":true,"href":"http:\/\/femarburg.de\/index.php?rest_route=\/wp\/v2\/users\/5"}],"replies":[{"embeddable":true,"href":"http:\/\/femarburg.de\/index.php?rest_route=%2Fwp%2Fv2%2Fcomments&post=682"}],"version-history":[{"count":1,"href":"http:\/\/femarburg.de\/index.php?rest_route=\/wp\/v2\/pages\/682\/revisions"}],"predecessor-version":[{"id":683,"href":"http:\/\/femarburg.de\/index.php?rest_route=\/wp\/v2\/pages\/682\/revisions\/683"}],"up":[{"embeddable":true,"href":"http:\/\/femarburg.de\/index.php?rest_route=\/wp\/v2\/pages\/458"}],"wp:attachment":[{"href":"http:\/\/femarburg.de\/index.php?rest_route=%2Fwp%2Fv2%2Fmedia&parent=682"}],"curies":[{"name":"wp","href":"https:\/\/api.w.org\/{rel}","templated":true}]}}