{"id":685,"date":"2014-02-20T09:30:57","date_gmt":"2014-02-20T08:30:57","guid":{"rendered":"http:\/\/femarburg.de\/?page_id=685"},"modified":"2014-02-20T09:38:03","modified_gmt":"2014-02-20T08:38:03","slug":"bionote-paula-achenbach","status":"publish","type":"page","link":"http:\/\/femarburg.de\/?page_id=685","title":{"rendered":"Bio*note Paula Achenbach"},"content":{"rendered":"<p><strong>Bio*note Paula Achenbach<\/strong><\/p>\n<ul>\n<li>Geboren 1987 in Marburg<\/li>\n<li>Studium der Erziehungs- und Bildungswissenschaft (BA) an der Philipps-Universit\u00e4t Marburg und der Universidade de Santiago de Compostela mit den Nebenf\u00e4chern Friedens- und Konfliktforschung sowie Vergleichende Kultur- und Religionswissenschaft von 2006\/2007 bis 2012<\/li>\n<li>Die Bachelorarbeit entstand 2012 im Rahmen der Besch\u00e4ftigung mit Themen des Postkolonialismus und der Kritischen <i>wei\u00df<\/i>seinsforschung in Seminaren von Dipl.-P\u00e4d. Jasmin Scholle an der Philipps-Universit\u00e4t Marburg<\/li>\n<li>Vor, w\u00e4hrend und nach dem Bachelorstudium verschiedene T\u00e4tigkeiten im p\u00e4dagogischen Bereich<\/li>\n<li>Seit 2013 Masterstudium Migration und Diversit\u00e4t an der Christian-Albrechts-Universit\u00e4t zu Kiel mit kulturwissenschaftlichem Schwerpunkt T\u00fcrkei<\/li>\n<\/ul>\n","protected":false},"excerpt":{"rendered":"<p>Bio*note Paula Achenbach Geboren 1987 in Marburg Studium der Erziehungs- und Bildungswissenschaft (BA) an der Philipps-Universit\u00e4t Marburg und der Universidade de Santiago de Compostela mit den Nebenf\u00e4chern Friedens- und Konfliktforschung sowie Vergleichende Kultur- und Religionswissenschaft von 2006\/2007 bis 2012 Die Bachelorarbeit entstand 2012 im Rahmen der Besch\u00e4ftigung mit Themen des Postkolonialismus und der Kritischen wei\u00dfseinsforschung [&hellip;]<\/p>\n","protected":false},"author":5,"featured_media":0,"parent":458,"menu_order":0,"comment_status":"closed","ping_status":"open","template":"","meta":[],"_links":{"self":[{"href":"http:\/\/femarburg.de\/index.php?rest_route=\/wp\/v2\/pages\/685"}],"collection":[{"href":"http:\/\/femarburg.de\/index.php?rest_route=\/wp\/v2\/pages"}],"about":[{"href":"http:\/\/femarburg.de\/index.php?rest_route=\/wp\/v2\/types\/page"}],"author":[{"embeddable":true,"href":"http:\/\/femarburg.de\/index.php?rest_route=\/wp\/v2\/users\/5"}],"replies":[{"embeddable":true,"href":"http:\/\/femarburg.de\/index.php?rest_route=%2Fwp%2Fv2%2Fcomments&post=685"}],"version-history":[{"count":6,"href":"http:\/\/femarburg.de\/index.php?rest_route=\/wp\/v2\/pages\/685\/revisions"}],"predecessor-version":[{"id":691,"href":"http:\/\/femarburg.de\/index.php?rest_route=\/wp\/v2\/pages\/685\/revisions\/691"}],"up":[{"embeddable":true,"href":"http:\/\/femarburg.de\/index.php?rest_route=\/wp\/v2\/pages\/458"}],"wp:attachment":[{"href":"http:\/\/femarburg.de\/index.php?rest_route=%2Fwp%2Fv2%2Fmedia&parent=685"}],"curies":[{"name":"wp","href":"https:\/\/api.w.org\/{rel}","templated":true}]}}